{"id":123,"date":"2023-02-05T20:25:29","date_gmt":"2023-02-05T20:25:29","guid":{"rendered":"https:\/\/ks-engineering.de\/?page_id=123"},"modified":"2023-02-05T20:27:48","modified_gmt":"2023-02-05T20:27:48","slug":"startseite","status":"publish","type":"page","link":"https:\/\/ks-engineering.de\/","title":{"rendered":"K. SCHMID engineering \u2013 individuelle L\u00f6sungen"},"content":{"rendered":"\n<p>K. SCHMID engineering unterst\u00fctzt Sie seit 2011 vom Start eines Projektes bis hin zur Abnahme beim Kunden.<\/p>\n\n\n\n<p>Dabei k\u00f6nnen Sie verschiedene Packages erhalten. (siehe Leistungen)<\/p>\n\n\n\n<p>Als Basis dient hier eine Jahrelange Erfahrung in der Konstruktion mit einer grundsoliden Basis-Ausbildung zum Mechaniker. Darauf hin aufbauend, Projekte, bei denen auch der Input des Kunden eingeflossen sind und diese auch aufgenommen wurden.<\/p>\n\n\n\n<figure class=\"wp-block-image size-full is-resized\"><img loading=\"lazy\" decoding=\"async\" src=\"https:\/\/ks-engineering.de\/wp-content\/uploads\/2023\/02\/image-11.png\" alt=\"\" class=\"wp-image-124\" width=\"369\" height=\"174\" srcset=\"https:\/\/ks-engineering.de\/wp-content\/uploads\/2023\/02\/image-11.png 743w, https:\/\/ks-engineering.de\/wp-content\/uploads\/2023\/02\/image-11-300x141.png 300w\" sizes=\"auto, (max-width: 369px) 100vw, 369px\" \/><\/figure>\n","protected":false},"excerpt":{"rendered":"<p>K. SCHMID engineering unterst\u00fctzt Sie seit 2011 vom Start eines Projektes bis hin zur Abnahme beim Kunden. Dabei k\u00f6nnen Sie verschiedene Packages erhalten. (siehe Leistungen) Als Basis dient hier eine Jahrelange Erfahrung in der Konstruktion mit einer grundsoliden Basis-Ausbildung zum Mechaniker. Darauf hin aufbauend, Projekte, bei denen auch der Input des Kunden eingeflossen sind und [&hellip;]<\/p>\n","protected":false},"author":2,"featured_media":0,"parent":0,"menu_order":0,"comment_status":"closed","ping_status":"closed","template":"","meta":{"site-sidebar-layout":"default","site-content-layout":"","ast-site-content-layout":"","site-content-style":"default","site-sidebar-style":"default","ast-global-header-display":"","ast-banner-title-visibility":"","ast-main-header-display":"","ast-hfb-above-header-display":"","ast-hfb-below-header-display":"","ast-hfb-mobile-header-display":"","site-post-title":"","ast-breadcrumbs-content":"","ast-featured-img":"","footer-sml-layout":"","theme-transparent-header-meta":"","adv-header-id-meta":"","stick-header-meta":"","header-above-stick-meta":"","header-main-stick-meta":"","header-below-stick-meta":"","astra-migrate-meta-layouts":"default","ast-page-background-enabled":"default","ast-page-background-meta":{"desktop":{"background-color":"var(--ast-global-color-4)","background-image":"","background-repeat":"repeat","background-position":"center center","background-size":"auto","background-attachment":"scroll","background-type":"","background-media":"","overlay-type":"","overlay-color":"","overlay-opacity":"","overlay-gradient":""},"tablet":{"background-color":"","background-image":"","background-repeat":"repeat","background-position":"center center","background-size":"auto","background-attachment":"scroll","background-type":"","background-media":"","overlay-type":"","overlay-color":"","overlay-opacity":"","overlay-gradient":""},"mobile":{"background-color":"","background-image":"","background-repeat":"repeat","background-position":"center center","background-size":"auto","background-attachment":"scroll","background-type":"","background-media":"","overlay-type":"","overlay-color":"","overlay-opacity":"","overlay-gradient":""}},"ast-content-background-meta":{"desktop":{"background-color":"var(--ast-global-color-5)","background-image":"","background-repeat":"repeat","background-position":"center center","background-size":"auto","background-attachment":"scroll","background-type":"","background-media":"","overlay-type":"","overlay-color":"","overlay-opacity":"","overlay-gradient":""},"tablet":{"background-color":"var(--ast-global-color-5)","background-image":"","background-repeat":"repeat","background-position":"center center","background-size":"auto","background-attachment":"scroll","background-type":"","background-media":"","overlay-type":"","overlay-color":"","overlay-opacity":"","overlay-gradient":""},"mobile":{"background-color":"var(--ast-global-color-5)","background-image":"","background-repeat":"repeat","background-position":"center center","background-size":"auto","background-attachment":"scroll","background-type":"","background-media":"","overlay-type":"","overlay-color":"","overlay-opacity":"","overlay-gradient":""}},"footnotes":""},"class_list":["post-123","page","type-page","status-publish","hentry"],"yoast_head":"<!-- This site is optimized with the Yoast SEO plugin v27.4 - https:\/\/yoast.com\/product\/yoast-seo-wordpress\/ -->\n<title>K. SCHMID engineering \u2013 individuelle L\u00f6sungen - KS-ENGINEERING<\/title>\n<meta name=\"robots\" content=\"index, follow, max-snippet:-1, max-image-preview:large, max-video-preview:-1\" \/>\n<link rel=\"canonical\" href=\"https:\/\/ks-engineering.de\/\" \/>\n<meta property=\"og:locale\" content=\"de_DE\" \/>\n<meta property=\"og:type\" content=\"article\" \/>\n<meta property=\"og:title\" content=\"K. SCHMID engineering \u2013 individuelle L\u00f6sungen - KS-ENGINEERING\" \/>\n<meta property=\"og:description\" content=\"K. SCHMID engineering unterst\u00fctzt Sie seit 2011 vom Start eines Projektes bis hin zur Abnahme beim Kunden. Dabei k\u00f6nnen Sie verschiedene Packages erhalten. (siehe Leistungen) Als Basis dient hier eine Jahrelange Erfahrung in der Konstruktion mit einer grundsoliden Basis-Ausbildung zum Mechaniker. Darauf hin aufbauend, Projekte, bei denen auch der Input des Kunden eingeflossen sind und [&hellip;]\" \/>\n<meta property=\"og:url\" content=\"https:\/\/ks-engineering.de\/\" \/>\n<meta property=\"og:site_name\" content=\"KS-ENGINEERING\" \/>\n<meta property=\"article:modified_time\" content=\"2023-02-05T20:27:48+00:00\" \/>\n<meta property=\"og:image\" content=\"https:\/\/ks-engineering.de\/wp-content\/uploads\/2023\/02\/image-11.png\" \/>\n<meta name=\"twitter:card\" content=\"summary_large_image\" \/>\n<meta name=\"twitter:label1\" content=\"Gesch\u00e4tzte Lesezeit\" \/>\n\t<meta name=\"twitter:data1\" content=\"1\u00a0Minute\" \/>\n<script type=\"application\/ld+json\" class=\"yoast-schema-graph\">{\"@context\":\"https:\\\/\\\/schema.org\",\"@graph\":[{\"@type\":\"WebPage\",\"@id\":\"https:\\\/\\\/ks-engineering.de\\\/\",\"url\":\"https:\\\/\\\/ks-engineering.de\\\/\",\"name\":\"K. SCHMID engineering \u2013 individuelle L\u00f6sungen - KS-ENGINEERING\",\"isPartOf\":{\"@id\":\"https:\\\/\\\/ks-engineering.de\\\/#website\"},\"primaryImageOfPage\":{\"@id\":\"https:\\\/\\\/ks-engineering.de\\\/#primaryimage\"},\"image\":{\"@id\":\"https:\\\/\\\/ks-engineering.de\\\/#primaryimage\"},\"thumbnailUrl\":\"https:\\\/\\\/ks-engineering.de\\\/wp-content\\\/uploads\\\/2023\\\/02\\\/image-11.png\",\"datePublished\":\"2023-02-05T20:25:29+00:00\",\"dateModified\":\"2023-02-05T20:27:48+00:00\",\"breadcrumb\":{\"@id\":\"https:\\\/\\\/ks-engineering.de\\\/#breadcrumb\"},\"inLanguage\":\"de\",\"potentialAction\":[{\"@type\":\"ReadAction\",\"target\":[\"https:\\\/\\\/ks-engineering.de\\\/\"]}]},{\"@type\":\"ImageObject\",\"inLanguage\":\"de\",\"@id\":\"https:\\\/\\\/ks-engineering.de\\\/#primaryimage\",\"url\":\"https:\\\/\\\/ks-engineering.de\\\/wp-content\\\/uploads\\\/2023\\\/02\\\/image-11.png\",\"contentUrl\":\"https:\\\/\\\/ks-engineering.de\\\/wp-content\\\/uploads\\\/2023\\\/02\\\/image-11.png\",\"width\":743,\"height\":350},{\"@type\":\"BreadcrumbList\",\"@id\":\"https:\\\/\\\/ks-engineering.de\\\/#breadcrumb\",\"itemListElement\":[{\"@type\":\"ListItem\",\"position\":1,\"name\":\"Startseite\",\"item\":\"https:\\\/\\\/ks-engineering.de\\\/\"},{\"@type\":\"ListItem\",\"position\":2,\"name\":\"K. SCHMID engineering \u2013 individuelle L\u00f6sungen\"}]},{\"@type\":\"WebSite\",\"@id\":\"https:\\\/\\\/ks-engineering.de\\\/#website\",\"url\":\"https:\\\/\\\/ks-engineering.de\\\/\",\"name\":\"KS-ENGINEERING\",\"description\":\"Konstruktion &amp; Maschinenbau\",\"publisher\":{\"@id\":\"https:\\\/\\\/ks-engineering.de\\\/#organization\"},\"potentialAction\":[{\"@type\":\"SearchAction\",\"target\":{\"@type\":\"EntryPoint\",\"urlTemplate\":\"https:\\\/\\\/ks-engineering.de\\\/?s={search_term_string}\"},\"query-input\":{\"@type\":\"PropertyValueSpecification\",\"valueRequired\":true,\"valueName\":\"search_term_string\"}}],\"inLanguage\":\"de\"},{\"@type\":\"Organization\",\"@id\":\"https:\\\/\\\/ks-engineering.de\\\/#organization\",\"name\":\"KS-ENGINEERING\",\"url\":\"https:\\\/\\\/ks-engineering.de\\\/\",\"logo\":{\"@type\":\"ImageObject\",\"inLanguage\":\"de\",\"@id\":\"https:\\\/\\\/ks-engineering.de\\\/#\\\/schema\\\/logo\\\/image\\\/\",\"url\":\"https:\\\/\\\/ks-engineering.de\\\/wp-content\\\/uploads\\\/2022\\\/01\\\/cropped-cropped-object1-e1641821857630-1.png\",\"contentUrl\":\"https:\\\/\\\/ks-engineering.de\\\/wp-content\\\/uploads\\\/2022\\\/01\\\/cropped-cropped-object1-e1641821857630-1.png\",\"width\":110,\"height\":110,\"caption\":\"KS-ENGINEERING\"},\"image\":{\"@id\":\"https:\\\/\\\/ks-engineering.de\\\/#\\\/schema\\\/logo\\\/image\\\/\"}}]}<\/script>\n<!-- \/ Yoast SEO plugin. -->","yoast_head_json":{"title":"K. SCHMID engineering \u2013 individuelle L\u00f6sungen - KS-ENGINEERING","robots":{"index":"index","follow":"follow","max-snippet":"max-snippet:-1","max-image-preview":"max-image-preview:large","max-video-preview":"max-video-preview:-1"},"canonical":"https:\/\/ks-engineering.de\/","og_locale":"de_DE","og_type":"article","og_title":"K. SCHMID engineering \u2013 individuelle L\u00f6sungen - KS-ENGINEERING","og_description":"K. SCHMID engineering unterst\u00fctzt Sie seit 2011 vom Start eines Projektes bis hin zur Abnahme beim Kunden. Dabei k\u00f6nnen Sie verschiedene Packages erhalten. (siehe Leistungen) Als Basis dient hier eine Jahrelange Erfahrung in der Konstruktion mit einer grundsoliden Basis-Ausbildung zum Mechaniker. Darauf hin aufbauend, Projekte, bei denen auch der Input des Kunden eingeflossen sind und [&hellip;]","og_url":"https:\/\/ks-engineering.de\/","og_site_name":"KS-ENGINEERING","article_modified_time":"2023-02-05T20:27:48+00:00","og_image":[{"url":"https:\/\/ks-engineering.de\/wp-content\/uploads\/2023\/02\/image-11.png","type":"","width":"","height":""}],"twitter_card":"summary_large_image","twitter_misc":{"Gesch\u00e4tzte Lesezeit":"1\u00a0Minute"},"schema":{"@context":"https:\/\/schema.org","@graph":[{"@type":"WebPage","@id":"https:\/\/ks-engineering.de\/","url":"https:\/\/ks-engineering.de\/","name":"K. SCHMID engineering \u2013 individuelle L\u00f6sungen - KS-ENGINEERING","isPartOf":{"@id":"https:\/\/ks-engineering.de\/#website"},"primaryImageOfPage":{"@id":"https:\/\/ks-engineering.de\/#primaryimage"},"image":{"@id":"https:\/\/ks-engineering.de\/#primaryimage"},"thumbnailUrl":"https:\/\/ks-engineering.de\/wp-content\/uploads\/2023\/02\/image-11.png","datePublished":"2023-02-05T20:25:29+00:00","dateModified":"2023-02-05T20:27:48+00:00","breadcrumb":{"@id":"https:\/\/ks-engineering.de\/#breadcrumb"},"inLanguage":"de","potentialAction":[{"@type":"ReadAction","target":["https:\/\/ks-engineering.de\/"]}]},{"@type":"ImageObject","inLanguage":"de","@id":"https:\/\/ks-engineering.de\/#primaryimage","url":"https:\/\/ks-engineering.de\/wp-content\/uploads\/2023\/02\/image-11.png","contentUrl":"https:\/\/ks-engineering.de\/wp-content\/uploads\/2023\/02\/image-11.png","width":743,"height":350},{"@type":"BreadcrumbList","@id":"https:\/\/ks-engineering.de\/#breadcrumb","itemListElement":[{"@type":"ListItem","position":1,"name":"Startseite","item":"https:\/\/ks-engineering.de\/"},{"@type":"ListItem","position":2,"name":"K. SCHMID engineering \u2013 individuelle L\u00f6sungen"}]},{"@type":"WebSite","@id":"https:\/\/ks-engineering.de\/#website","url":"https:\/\/ks-engineering.de\/","name":"KS-ENGINEERING","description":"Konstruktion &amp; Maschinenbau","publisher":{"@id":"https:\/\/ks-engineering.de\/#organization"},"potentialAction":[{"@type":"SearchAction","target":{"@type":"EntryPoint","urlTemplate":"https:\/\/ks-engineering.de\/?s={search_term_string}"},"query-input":{"@type":"PropertyValueSpecification","valueRequired":true,"valueName":"search_term_string"}}],"inLanguage":"de"},{"@type":"Organization","@id":"https:\/\/ks-engineering.de\/#organization","name":"KS-ENGINEERING","url":"https:\/\/ks-engineering.de\/","logo":{"@type":"ImageObject","inLanguage":"de","@id":"https:\/\/ks-engineering.de\/#\/schema\/logo\/image\/","url":"https:\/\/ks-engineering.de\/wp-content\/uploads\/2022\/01\/cropped-cropped-object1-e1641821857630-1.png","contentUrl":"https:\/\/ks-engineering.de\/wp-content\/uploads\/2022\/01\/cropped-cropped-object1-e1641821857630-1.png","width":110,"height":110,"caption":"KS-ENGINEERING"},"image":{"@id":"https:\/\/ks-engineering.de\/#\/schema\/logo\/image\/"}}]}},"_links":{"self":[{"href":"https:\/\/ks-engineering.de\/index.php\/wp-json\/wp\/v2\/pages\/123","targetHints":{"allow":["GET"]}}],"collection":[{"href":"https:\/\/ks-engineering.de\/index.php\/wp-json\/wp\/v2\/pages"}],"about":[{"href":"https:\/\/ks-engineering.de\/index.php\/wp-json\/wp\/v2\/types\/page"}],"author":[{"embeddable":true,"href":"https:\/\/ks-engineering.de\/index.php\/wp-json\/wp\/v2\/users\/2"}],"replies":[{"embeddable":true,"href":"https:\/\/ks-engineering.de\/index.php\/wp-json\/wp\/v2\/comments?post=123"}],"version-history":[{"count":4,"href":"https:\/\/ks-engineering.de\/index.php\/wp-json\/wp\/v2\/pages\/123\/revisions"}],"predecessor-version":[{"id":129,"href":"https:\/\/ks-engineering.de\/index.php\/wp-json\/wp\/v2\/pages\/123\/revisions\/129"}],"wp:attachment":[{"href":"https:\/\/ks-engineering.de\/index.php\/wp-json\/wp\/v2\/media?parent=123"}],"curies":[{"name":"wp","href":"https:\/\/api.w.org\/{rel}","templated":true}]}}